{"id":6334,"date":"2026-02-06T13:24:45","date_gmt":"2026-02-06T13:24:45","guid":{"rendered":"https:\/\/eosdanismanlik.com\/?page_id=6334"},"modified":"2026-02-06T13:27:49","modified_gmt":"2026-02-06T13:27:49","slug":"sektorler","status":"publish","type":"page","link":"https:\/\/eosdanismanlik.com\/index.php\/sektorler\/","title":{"rendered":"Sekt\u00f6rler"},"content":{"rendered":"\t\t<div data-elementor-type=\"wp-page\" data-elementor-id=\"6334\" class=\"elementor elementor-6334\">\n\t\t\t\t<div class=\"elementor-element elementor-element-b20b38b e-grid e-con-boxed e-con e-parent\" data-id=\"b20b38b\" data-element_type=\"container\">\n\t\t\t\t\t<div class=\"e-con-inner\">\n\t\t\t\t<div class=\"elementor-element elementor-element-46237cb elementor-position-top elementor-widget elementor-widget-image-box\" data-id=\"46237cb\" data-element_type=\"widget\" data-widget_type=\"image-box.default\">\n\t\t\t\t\t<div class=\"elementor-image-box-wrapper\"><figure class=\"elementor-image-box-img\"><img fetchpriority=\"high\" decoding=\"async\" width=\"760\" height=\"450\" src=\"https:\/\/eosdanismanlik.com\/wp-content\/uploads\/2026\/02\/imalat.webp\" class=\"attachment-full size-full wp-image-6338\" alt=\"\" srcset=\"https:\/\/eosdanismanlik.com\/wp-content\/uploads\/2026\/02\/imalat.webp 760w, https:\/\/eosdanismanlik.com\/wp-content\/uploads\/2026\/02\/imalat-300x178.webp 300w\" sizes=\"(max-width: 760px) 100vw, 760px\" \/><\/figure><div class=\"elementor-image-box-content\"><h3 class=\"elementor-image-box-title\">\u00dcretim Sekt\u00f6r\u00fc<\/h3><\/div><\/div>\t\t\t\t<\/div>\n\t\t\t\t<div class=\"elementor-element elementor-element-aa99110 elementor-position-top elementor-widget elementor-widget-image-box\" data-id=\"aa99110\" data-element_type=\"widget\" data-widget_type=\"image-box.default\">\n\t\t\t\t\t<div class=\"elementor-image-box-wrapper\"><figure class=\"elementor-image-box-img\"><img decoding=\"async\" width=\"1200\" height=\"675\" src=\"https:\/\/eosdanismanlik.com\/wp-content\/uploads\/2026\/02\/TEKSTIL.jpeg\" class=\"attachment-full size-full wp-image-6335\" alt=\"\" srcset=\"https:\/\/eosdanismanlik.com\/wp-content\/uploads\/2026\/02\/TEKSTIL.jpeg 1200w, https:\/\/eosdanismanlik.com\/wp-content\/uploads\/2026\/02\/TEKSTIL-300x169.jpeg 300w, https:\/\/eosdanismanlik.com\/wp-content\/uploads\/2026\/02\/TEKSTIL-1024x576.jpeg 1024w, https:\/\/eosdanismanlik.com\/wp-content\/uploads\/2026\/02\/TEKSTIL-768x432.jpeg 768w\" sizes=\"(max-width: 1200px) 100vw, 1200px\" \/><\/figure><div class=\"elementor-image-box-content\"><h3 class=\"elementor-image-box-title\">Tekstil Sekt\u00f6r\u00fc<\/h3><\/div><\/div>\t\t\t\t<\/div>\n\t\t\t\t<div class=\"elementor-element elementor-element-7bc420f elementor-position-top elementor-widget elementor-widget-image-box\" data-id=\"7bc420f\" data-element_type=\"widget\" data-widget_type=\"image-box.default\">\n\t\t\t\t\t<div class=\"elementor-image-box-wrapper\"><figure class=\"elementor-image-box-img\"><img decoding=\"async\" width=\"1080\" height=\"608\" src=\"https:\/\/eosdanismanlik.com\/wp-content\/uploads\/2026\/02\/INSAAT.jpeg\" class=\"attachment-full size-full wp-image-6336\" alt=\"\" srcset=\"https:\/\/eosdanismanlik.com\/wp-content\/uploads\/2026\/02\/INSAAT.jpeg 1080w, https:\/\/eosdanismanlik.com\/wp-content\/uploads\/2026\/02\/INSAAT-300x169.jpeg 300w, https:\/\/eosdanismanlik.com\/wp-content\/uploads\/2026\/02\/INSAAT-1024x576.jpeg 1024w, https:\/\/eosdanismanlik.com\/wp-content\/uploads\/2026\/02\/INSAAT-768x432.jpeg 768w\" sizes=\"(max-width: 1080px) 100vw, 1080px\" \/><\/figure><div class=\"elementor-image-box-content\"><h3 class=\"elementor-image-box-title\">\u0130n\u015faat Sekt\u00f6r\u00fc<\/h3><\/div><\/div>\t\t\t\t<\/div>\n\t\t\t\t<div class=\"elementor-element elementor-element-a95a58f elementor-position-top elementor-widget elementor-widget-image-box\" data-id=\"a95a58f\" data-element_type=\"widget\" data-widget_type=\"image-box.default\">\n\t\t\t\t\t<div class=\"elementor-image-box-wrapper\"><figure class=\"elementor-image-box-img\"><img loading=\"lazy\" decoding=\"async\" width=\"1280\" height=\"720\" src=\"https:\/\/eosdanismanlik.com\/wp-content\/uploads\/2026\/02\/LOJISTIK.webp\" class=\"attachment-full size-full wp-image-6337\" alt=\"\" srcset=\"https:\/\/eosdanismanlik.com\/wp-content\/uploads\/2026\/02\/LOJISTIK.webp 1280w, https:\/\/eosdanismanlik.com\/wp-content\/uploads\/2026\/02\/LOJISTIK-300x169.webp 300w, https:\/\/eosdanismanlik.com\/wp-content\/uploads\/2026\/02\/LOJISTIK-1024x576.webp 1024w, https:\/\/eosdanismanlik.com\/wp-content\/uploads\/2026\/02\/LOJISTIK-768x432.webp 768w\" sizes=\"(max-width: 1280px) 100vw, 1280px\" \/><\/figure><div class=\"elementor-image-box-content\"><h3 class=\"elementor-image-box-title\">Lojistik Sekt\u00f6r\u00fc<\/h3><\/div><\/div>\t\t\t\t<\/div>\n\t\t\t\t<div class=\"elementor-element elementor-element-179fc30 elementor-position-top elementor-widget elementor-widget-image-box\" data-id=\"179fc30\" data-element_type=\"widget\" data-widget_type=\"image-box.default\">\n\t\t\t\t\t<div class=\"elementor-image-box-wrapper\"><figure class=\"elementor-image-box-img\"><img loading=\"lazy\" decoding=\"async\" width=\"864\" height=\"486\" src=\"https:\/\/eosdanismanlik.com\/wp-content\/uploads\/2026\/02\/otomotivsektoru.jpg\" class=\"attachment-full size-full wp-image-6340\" alt=\"\" srcset=\"https:\/\/eosdanismanlik.com\/wp-content\/uploads\/2026\/02\/otomotivsektoru.jpg 864w, https:\/\/eosdanismanlik.com\/wp-content\/uploads\/2026\/02\/otomotivsektoru-300x169.jpg 300w, https:\/\/eosdanismanlik.com\/wp-content\/uploads\/2026\/02\/otomotivsektoru-768x432.jpg 768w\" sizes=\"(max-width: 864px) 100vw, 864px\" \/><\/figure><div class=\"elementor-image-box-content\"><h3 class=\"elementor-image-box-title\">Otomotiv Sekt\u00f6r\u00fc<\/h3><\/div><\/div>\t\t\t\t<\/div>\n\t\t\t\t<div class=\"elementor-element elementor-element-648e6b2 elementor-position-top elementor-widget elementor-widget-image-box\" data-id=\"648e6b2\" data-element_type=\"widget\" data-widget_type=\"image-box.default\">\n\t\t\t\t\t<div class=\"elementor-image-box-wrapper\"><figure class=\"elementor-image-box-img\"><img loading=\"lazy\" decoding=\"async\" width=\"660\" height=\"369\" src=\"https:\/\/eosdanismanlik.com\/wp-content\/uploads\/2026\/02\/hiz.jpg\" class=\"attachment-full size-full wp-image-6342\" alt=\"\" srcset=\"https:\/\/eosdanismanlik.com\/wp-content\/uploads\/2026\/02\/hiz.jpg 660w, https:\/\/eosdanismanlik.com\/wp-content\/uploads\/2026\/02\/hiz-300x168.jpg 300w\" sizes=\"(max-width: 660px) 100vw, 660px\" \/><\/figure><div class=\"elementor-image-box-content\"><h3 class=\"elementor-image-box-title\">Hizmet Sekt\u00f6r\u00fc<\/h3><\/div><\/div>\t\t\t\t<\/div>\n\t\t\t\t\t<\/div>\n\t\t\t\t<\/div>\n\t\t\t\t<\/div>\n\t\t","protected":false},"excerpt":{"rendered":"<p>\u00dcretim Sekt\u00f6r\u00fc Tekstil Sekt\u00f6r\u00fc \u0130n\u015faat Sekt\u00f6r\u00fc Lojistik Sekt\u00f6r\u00fc Otomotiv Sekt\u00f6r\u00fc Hizmet Sekt\u00f6r\u00fc<\/p>\n","protected":false},"author":1,"featured_media":0,"parent":0,"menu_order":0,"comment_status":"closed","ping_status":"closed","template":"","meta":{"footnotes":""},"class_list":["post-6334","page","type-page","status-publish","hentry"],"_links":{"self":[{"href":"https:\/\/eosdanismanlik.com\/index.php\/wp-json\/wp\/v2\/pages\/6334","targetHints":{"allow":["GET"]}}],"collection":[{"href":"https:\/\/eosdanismanlik.com\/index.php\/wp-json\/wp\/v2\/pages"}],"about":[{"href":"https:\/\/eosdanismanlik.com\/index.php\/wp-json\/wp\/v2\/types\/page"}],"author":[{"embeddable":true,"href":"https:\/\/eosdanismanlik.com\/index.php\/wp-json\/wp\/v2\/users\/1"}],"replies":[{"embeddable":true,"href":"https:\/\/eosdanismanlik.com\/index.php\/wp-json\/wp\/v2\/comments?post=6334"}],"version-history":[{"count":3,"href":"https:\/\/eosdanismanlik.com\/index.php\/wp-json\/wp\/v2\/pages\/6334\/revisions"}],"predecessor-version":[{"id":6345,"href":"https:\/\/eosdanismanlik.com\/index.php\/wp-json\/wp\/v2\/pages\/6334\/revisions\/6345"}],"wp:attachment":[{"href":"https:\/\/eosdanismanlik.com\/index.php\/wp-json\/wp\/v2\/media?parent=6334"}],"curies":[{"name":"wp","href":"https:\/\/api.w.org\/{rel}","templated":true}]}}